{"id":5808,"date":"2018-09-11T07:10:18","date_gmt":"2018-09-11T04:10:18","guid":{"rendered":"https:\/\/leonatravel.com.tr\/?page_id=5808"},"modified":"2025-06-21T16:47:56","modified_gmt":"2025-06-21T13:47:56","slug":"contact","status":"publish","type":"page","link":"https:\/\/leonatravel.com.tr\/en\/contact\/","title":{"rendered":"Contact"},"content":{"rendered":"<section class=\"wpb-content-wrapper\"><p>[vc_row row_content_width=&#8221;grid&#8221; css=&#8221;.vc_custom_1750428548177{margin-top: 50px !important;padding-bottom: 50px !important;background-color: rgba(67,216,186,0.2) !important;*background-color: rgb(67,216,186) !important;}&#8221;][vc_column width=&#8221;1\/2&#8243;]<div class=\"qodef-google-map-holder\">\n\t\t<div class=\"qodef-google-map\" id=\"qodef-map-298014\" data-addresses='[\"Kozyata\u011f\u0131, PS Plaza, G\u00fclbahar Sk. No:17,\",\"34742 Kad\u0131k\u00f6y\/\u0130stanbul\"]' data-custom-map-style=no data-color-overlay=#393939 data-saturation=-100 data-lightness=-60 data-zoom=12 data-pin=https:\/\/leonatravel.com.tr\/wp-content\/themes\/setsail\/assets\/img\/pin.png data-unique-id=298014 data-scroll-wheel=yes data-height=320px ><\/div>\n\t\t<\/div>[\/vc_column][vc_column width=&#8221;1\/2&#8243; css=&#8221;.vc_custom_1681074136709{padding-right: 37px !important;padding-left: 37px !important;}&#8221;][vc_column_text]<\/p>\n<h3>Contact Information<\/h3>\n<p>[\/vc_column_text][vc_empty_space height=&#8221;4px&#8221;][vc_column_text]<\/p>\n<p align=\"justify\">You can contact us via the contact form or via our <strong>WhatsApp Support Line.<\/strong> Emails sent via the form are answered within <strong>24 hours<\/strong>. Messages sent via the <strong>WhatsApp Support Line<\/strong> are answered <strong>during working hours<\/strong>.<\/p>\n<p>[\/vc_column_text][vc_empty_space height=&#8221;25px&#8221;]<div class=\"qodef-iwt clearfix  qodef-iwt-icon-left qodef-iwt-icon-tiny\">\n\t<div class=\"qodef-iwt-icon\">\n\t\t\t\t\t<a itemprop=\"url\" href=\"mailto:Request@leonatravel.com.tr\" target=\"_self\">\n\t\t\t\t\t\t\t\t\t    <span class=\"qodef-icon-shortcode qodef-normal   qodef-icon-tiny\"  data-color=\"#3fd0d4\">\n                    <span aria-hidden=\"true\" class=\"qodef-icon-font-elegant icon_mail_alt qodef-icon-element\" style=\"color: #3fd0d4;font-size:14px\" ><\/span>            <\/span>\n\t\t\t\t\t\t\t\t<\/a>\n\t\t\t<\/div>\n\t<div class=\"qodef-iwt-content\" >\n\t\t\t\t\t<p class=\"qodef-iwt-title\" style=\"margin-top: 7px\">\n\t\t\t\t\t\t\t\t\t<a itemprop=\"url\" href=\"mailto:Request@leonatravel.com.tr\" target=\"_self\">\n\t\t\t\t\t\t\t\t<span class=\"qodef-iwt-title-text\">Request@leonatravel.com.tr<\/span>\n\t\t\t\t\t\t\t\t\t<\/a>\n\t\t\t\t\t\t\t<\/p>\n\t\t\t\t\t<\/div>\n<\/div>[vc_empty_space height=&#8221;5px&#8221;]<div class=\"qodef-iwt clearfix  qodef-iwt-icon-left qodef-iwt-icon-tiny\">\n\t<div class=\"qodef-iwt-icon\">\n\t\t\t\t\t<a itemprop=\"url\" href=\"http:\/\/+908503727737\" target=\"_self\">\n\t\t\t\t\t\t\t\t\t    <span class=\"qodef-icon-shortcode qodef-normal   qodef-icon-tiny\"  data-color=\"#3fd0d4\">\n                    <span aria-hidden=\"true\" class=\"qodef-icon-font-elegant icon_phone qodef-icon-element\" style=\"color: #3fd0d4;font-size:14px\" ><\/span>            <\/span>\n\t\t\t\t\t\t\t\t<\/a>\n\t\t\t<\/div>\n\t<div class=\"qodef-iwt-content\" >\n\t\t\t\t\t<p class=\"qodef-iwt-title\" style=\"margin-top: 7px\">\n\t\t\t\t\t\t\t\t\t<a itemprop=\"url\" href=\"http:\/\/+908503727737\" target=\"_self\">\n\t\t\t\t\t\t\t\t<span class=\"qodef-iwt-title-text\">0 (850) 372 77 37<\/span>\n\t\t\t\t\t\t\t\t\t<\/a>\n\t\t\t\t\t\t\t<\/p>\n\t\t\t\t\t<\/div>\n<\/div>[vc_empty_space height=&#8221;5px&#8221;]<div class=\"qodef-iwt clearfix  qodef-iwt-icon-left qodef-iwt-icon-tiny\">\n\t<div class=\"qodef-iwt-icon\">\n\t\t\t\t\t<a itemprop=\"url\" href=\"https:\/\/goo.gl\/maps\/6jHRAZsNNA4MYKnc7\" target=\"_blank\">\n\t\t\t\t\t\t\t\t\t    <span class=\"qodef-icon-shortcode qodef-normal   qodef-icon-tiny\"  data-color=\"#3fd0d4\">\n                    <span aria-hidden=\"true\" class=\"qodef-icon-font-elegant icon_pin_alt qodef-icon-element\" style=\"color: #3fd0d4;font-size:14px\" ><\/span>            <\/span>\n\t\t\t\t\t\t\t\t<\/a>\n\t\t\t<\/div>\n\t<div class=\"qodef-iwt-content\" >\n\t\t\t\t\t<p class=\"qodef-iwt-title\" style=\"margin-top: 7px\">\n\t\t\t\t\t\t\t\t\t<a itemprop=\"url\" href=\"https:\/\/goo.gl\/maps\/6jHRAZsNNA4MYKnc7\" target=\"_blank\">\n\t\t\t\t\t\t\t\t<span class=\"qodef-iwt-title-text\">Kozyata\u011f\u0131, PS Plaza, G\u00fclbahar Sk. No:17, 34742 Kad\u0131k\u00f6y\/\u0130stanbul<\/span>\n\t\t\t\t\t\t\t\t\t<\/a>\n\t\t\t\t\t\t\t<\/p>\n\t\t\t\t\t<\/div>\n<\/div>[vc_empty_space height=&#8221;5px&#8221;][vc_column_text]<strong>Leona Travel is a Tursab certified business.<\/strong><br \/>\n<img decoding=\"async\" style=\"margin-top: -1px;\" src=\"\/\/leonatravel.com.tr\/wp-content\/uploads\/2023\/04\/tursab-logo.png\" alt=\"Tursab\" width=\"50%\" \/><\/p>\n<p><strong>T\u00fcrsab No: 3582<\/strong><\/p>\n<p>[\/vc_column_text][\/vc_column][\/vc_row]<\/p>\n<\/section>","protected":false},"excerpt":{"rendered":"<p>[vc_row row_content_width=&#8221;grid&#8221; css=&#8221;.vc_custom_1750428548177{margin-top: 50px !important;padding-bottom: 50px !important;background-color: rgba(67,216,186,0.2) !important;*background-color: rgb(67,216,186) !important;}&#8221;][vc_column width=&#8221;1\/2&#8243;][\/vc_column][vc_column width=&#8221;1\/2&#8243; css=&#8221;.vc_custom_1681074136709{padding-right: 37px !important;padding-left: 37px !important;}&#8221;][vc_column_text] Contact Information [\/vc_column_text][vc_empty_space height=&#8221;4px&#8221;][vc_column_text] You can contact us via the contact form or via our WhatsApp Support Line. Emails sent via the [&hellip;]<\/p>\n","protected":false},"author":1,"featured_media":0,"parent":0,"menu_order":0,"comment_status":"closed","ping_status":"closed","template":"full-width.php","meta":{"footnotes":""},"class_list":["post-5808","page","type-page","status-publish","hentry"],"_links":{"self":[{"href":"https:\/\/leonatravel.com.tr\/en\/wp-json\/wp\/v2\/pages\/5808","targetHints":{"allow":["GET"]}}],"collection":[{"href":"https:\/\/leonatravel.com.tr\/en\/wp-json\/wp\/v2\/pages"}],"about":[{"href":"https:\/\/leonatravel.com.tr\/en\/wp-json\/wp\/v2\/types\/page"}],"author":[{"embeddable":true,"href":"https:\/\/leonatravel.com.tr\/en\/wp-json\/wp\/v2\/users\/1"}],"replies":[{"embeddable":true,"href":"https:\/\/leonatravel.com.tr\/en\/wp-json\/wp\/v2\/comments?post=5808"}],"version-history":[{"count":10,"href":"https:\/\/leonatravel.com.tr\/en\/wp-json\/wp\/v2\/pages\/5808\/revisions"}],"predecessor-version":[{"id":6250,"href":"https:\/\/leonatravel.com.tr\/en\/wp-json\/wp\/v2\/pages\/5808\/revisions\/6250"}],"wp:attachment":[{"href":"https:\/\/leonatravel.com.tr\/en\/wp-json\/wp\/v2\/media?parent=5808"}],"curies":[{"name":"wp","href":"https:\/\/api.w.org\/{rel}","templated":true}]}}